{"id":4334,"date":"2025-07-25T11:34:41","date_gmt":"2025-07-25T11:34:41","guid":{"rendered":"https:\/\/red-stingray-707383.hostingersite.com\/?page_id=4334"},"modified":"2025-08-18T08:31:27","modified_gmt":"2025-08-18T08:31:27","slug":"about-2","status":"publish","type":"page","link":"https:\/\/enogne.com\/en\/about-2\/","title":{"rendered":"About"},"content":{"rendered":"<div data-elementor-type=\"wp-page\" data-elementor-id=\"4334\" class=\"elementor elementor-4334\">\n\t\t\t\t\t\t<section class=\"elementor-section elementor-top-section elementor-element elementor-element-b0774f0 elementor-section-boxed elementor-section-height-default elementor-section-height-default\" data-id=\"b0774f0\" data-element_type=\"section\" data-e-type=\"section\" data-settings=\"{&quot;background_background&quot;:&quot;classic&quot;}\">\n\t\t\t\t\t\t<div class=\"elementor-container elementor-column-gap-default\">\n\t\t\t\t\t<div class=\"elementor-column elementor-col-100 elementor-top-column elementor-element elementor-element-935971f\" data-id=\"935971f\" data-element_type=\"column\" data-e-type=\"column\">\n\t\t\t<div class=\"elementor-widget-wrap elementor-element-populated\">\n\t\t\t\t\t\t<section class=\"elementor-section elementor-inner-section elementor-element elementor-element-4736d4c elementor-section-boxed elementor-section-height-default elementor-section-height-default\" data-id=\"4736d4c\" data-element_type=\"section\" data-e-type=\"section\">\n\t\t\t\t\t\t<div class=\"elementor-container elementor-column-gap-default\">\n\t\t\t\t\t<div class=\"elementor-column elementor-col-33 elementor-inner-column elementor-element elementor-element-ce71be3 animated-slow elementor-invisible\" data-id=\"ce71be3\" data-element_type=\"column\" data-e-type=\"column\" data-settings=\"{&quot;animation&quot;:&quot;fadeInLeft&quot;}\">\n\t\t\t<div class=\"elementor-widget-wrap elementor-element-populated\">\n\t\t\t\t\t\t<div class=\"elementor-element elementor-element-8efbc80 elementor-widget__width-auto elementor-widget elementor-widget-heading\" data-id=\"8efbc80\" data-element_type=\"widget\" data-e-type=\"widget\" data-widget_type=\"heading.default\">\n\t\t\t\t<div class=\"elementor-widget-container\">\n\t\t\t\t\t<h2 class=\"elementor-heading-title elementor-size-default\">A propos<\/h2>\t\t\t\t<\/div>\n\t\t\t\t<\/div>\n\t\t\t\t<div class=\"elementor-element elementor-element-f6c7af6 elementor-widget elementor-widget-heading\" data-id=\"f6c7af6\" data-element_type=\"widget\" data-e-type=\"widget\" data-widget_type=\"heading.default\">\n\t\t\t\t<div class=\"elementor-widget-container\">\n\t\t\t\t\t<h2 class=\"elementor-heading-title elementor-size-default\">Your vision, our mission<\/h2>\t\t\t\t<\/div>\n\t\t\t\t<\/div>\n\t\t\t\t<div class=\"elementor-element elementor-element-881e21e elementor-widget elementor-widget-heading\" data-id=\"881e21e\" data-element_type=\"widget\" data-e-type=\"widget\" data-widget_type=\"heading.default\">\n\t\t\t\t<div class=\"elementor-widget-container\">\n\t\t\t\t\t<h2 class=\"elementor-heading-title elementor-size-default\">Agency<\/h2>\t\t\t\t<\/div>\n\t\t\t\t<\/div>\n\t\t\t\t<div class=\"elementor-element elementor-element-ed68a2a elementor-widget-divider--view-line elementor-widget elementor-widget-divider\" data-id=\"ed68a2a\" data-element_type=\"widget\" data-e-type=\"widget\" data-widget_type=\"divider.default\">\n\t\t\t\t<div class=\"elementor-widget-container\">\n\t\t\t\t\t\t\t<div class=\"elementor-divider\">\n\t\t\t<span class=\"elementor-divider-separator\">\n\t\t\t\t\t\t<\/span>\n\t\t<\/div>\n\t\t\t\t\t\t<\/div>\n\t\t\t\t<\/div>\n\t\t\t\t<div class=\"elementor-element elementor-element-4be28a5 elementor-widget elementor-widget-text-editor\" data-id=\"4be28a5\" data-element_type=\"widget\" data-e-type=\"widget\" data-widget_type=\"text-editor.default\">\n\t\t\t\t<div class=\"elementor-widget-container\">\n\t\t\t\t\t\t\t\t\t<p>At Enogne, we believe that every project deserves unique attention. Our passionate team combines creativity and expertise to bring your digital ambitions to life.<\/p>\t\t\t\t\t\t\t\t<\/div>\n\t\t\t\t<\/div>\n\t\t\t\t\t<\/div>\n\t\t<\/div>\n\t\t\t\t<div class=\"elementor-column elementor-col-33 elementor-inner-column elementor-element elementor-element-5d889bf web-design-box animated-slow elementor-invisible\" data-id=\"5d889bf\" data-element_type=\"column\" data-e-type=\"column\" data-settings=\"{&quot;background_background&quot;:&quot;classic&quot;,&quot;animation&quot;:&quot;fadeInDown&quot;}\">\n\t\t\t<div class=\"elementor-widget-wrap elementor-element-populated\">\n\t\t\t\t\t\t<div class=\"elementor-element elementor-element-74b6a0c elementor-widget elementor-widget-image\" data-id=\"74b6a0c\" data-element_type=\"widget\" data-e-type=\"widget\" data-widget_type=\"image.default\">\n\t\t\t\t<div class=\"elementor-widget-container\">\n\t\t\t\t\t\t\t\t\t\t\t\t\t\t\t<img decoding=\"async\" width=\"68\" height=\"61\" src=\"https:\/\/enogne.com\/wp-content\/uploads\/2019\/12\/monitor-img.png\" class=\"attachment-large size-large wp-image-618\" alt=\"\" \/>\t\t\t\t\t\t\t\t\t\t\t\t\t\t\t<\/div>\n\t\t\t\t<\/div>\n\t\t\t\t<div class=\"elementor-element elementor-element-c14f4dd elementor-widget elementor-widget-heading\" data-id=\"c14f4dd\" data-element_type=\"widget\" data-e-type=\"widget\" data-widget_type=\"heading.default\">\n\t\t\t\t<div class=\"elementor-widget-container\">\n\t\t\t\t\t<h2 class=\"elementor-heading-title elementor-size-default\">Web Development<\/h2>\t\t\t\t<\/div>\n\t\t\t\t<\/div>\n\t\t\t\t<div class=\"elementor-element elementor-element-ae00703 elementor-widget elementor-widget-text-editor\" data-id=\"ae00703\" data-element_type=\"widget\" data-e-type=\"widget\" data-widget_type=\"text-editor.default\">\n\t\t\t\t<div class=\"elementor-widget-container\">\n\t\t\t\t\t\t\t\t\t<p>We develop high-performance, secure, and scalable websites.<br data-start=\"934\" data-end=\"937\" \/>Whether you need a showcase website, an online store, or a custom platform, we have the solution.<\/p>\t\t\t\t\t\t\t\t<\/div>\n\t\t\t\t<\/div>\n\t\t\t\t<div class=\"elementor-element elementor-element-fc947b2 elementor-widget elementor-widget-button\" data-id=\"fc947b2\" data-element_type=\"widget\" data-e-type=\"widget\" data-widget_type=\"button.default\">\n\t\t\t\t<div class=\"elementor-widget-container\">\n\t\t\t\t\t\t\t\t\t<div class=\"elementor-button-wrapper\">\n\t\t\t\t\t<a class=\"elementor-button elementor-button-link elementor-size-sm\" href=\"#\">\n\t\t\t\t\t\t<span class=\"elementor-button-content-wrapper\">\n\t\t\t\t\t\t<span class=\"elementor-button-icon\">\n\t\t\t\t<i aria-hidden=\"true\" class=\"fas fa-chevron-right\"><\/i>\t\t\t<\/span>\n\t\t\t\t\t\t\t\t\t<span class=\"elementor-button-text\">See our solutions<\/span>\n\t\t\t\t\t<\/span>\n\t\t\t\t\t<\/a>\n\t\t\t\t<\/div>\n\t\t\t\t\t\t\t\t<\/div>\n\t\t\t\t<\/div>\n\t\t\t\t\t<\/div>\n\t\t<\/div>\n\t\t\t\t<div class=\"elementor-column elementor-col-33 elementor-inner-column elementor-element elementor-element-2d3e82f development-box elementor-invisible\" data-id=\"2d3e82f\" data-element_type=\"column\" data-e-type=\"column\" data-settings=\"{&quot;background_background&quot;:&quot;classic&quot;,&quot;animation&quot;:&quot;fadeInRight&quot;}\">\n\t\t\t<div class=\"elementor-widget-wrap elementor-element-populated\">\n\t\t\t\t\t\t<div class=\"elementor-element elementor-element-4afed13 elementor-widget elementor-widget-image\" data-id=\"4afed13\" data-element_type=\"widget\" data-e-type=\"widget\" data-widget_type=\"image.default\">\n\t\t\t\t<div class=\"elementor-widget-container\">\n\t\t\t\t\t\t\t\t\t\t\t\t\t\t\t<img decoding=\"async\" width=\"63\" height=\"63\" src=\"https:\/\/enogne.com\/wp-content\/uploads\/2019\/12\/develpment-img.png\" class=\"attachment-large size-large wp-image-616\" alt=\"\" \/>\t\t\t\t\t\t\t\t\t\t\t\t\t\t\t<\/div>\n\t\t\t\t<\/div>\n\t\t\t\t<div class=\"elementor-element elementor-element-526ad46 elementor-widget elementor-widget-heading\" data-id=\"526ad46\" data-element_type=\"widget\" data-e-type=\"widget\" data-widget_type=\"heading.default\">\n\t\t\t\t<div class=\"elementor-widget-container\">\n\t\t\t\t\t<h2 class=\"elementor-heading-title elementor-size-default\">Web Design<\/h2>\t\t\t\t<\/div>\n\t\t\t\t<\/div>\n\t\t\t\t<div class=\"elementor-element elementor-element-83dea73 elementor-widget elementor-widget-text-editor\" data-id=\"83dea73\" data-element_type=\"widget\" data-e-type=\"widget\" data-widget_type=\"text-editor.default\">\n\t\t\t\t<div class=\"elementor-widget-container\">\n\t\t\t\t\t\t\t\t\t<p>We design modern, intuitive, and user-centered web interfaces.<br data-start=\"578\" data-end=\"581\" \/>Each site is designed to enhance your credibility and provide a seamless experience across all devices.<\/p>\t\t\t\t\t\t\t\t<\/div>\n\t\t\t\t<\/div>\n\t\t\t\t<div class=\"elementor-element elementor-element-a4e17ce elementor-widget elementor-widget-button\" data-id=\"a4e17ce\" data-element_type=\"widget\" data-e-type=\"widget\" data-widget_type=\"button.default\">\n\t\t\t\t<div class=\"elementor-widget-container\">\n\t\t\t\t\t\t\t\t\t<div class=\"elementor-button-wrapper\">\n\t\t\t\t\t<a class=\"elementor-button elementor-button-link elementor-size-sm\" href=\"#\">\n\t\t\t\t\t\t<span class=\"elementor-button-content-wrapper\">\n\t\t\t\t\t\t<span class=\"elementor-button-icon\">\n\t\t\t\t<i aria-hidden=\"true\" class=\"fas fa-chevron-right\"><\/i>\t\t\t<\/span>\n\t\t\t\t\t\t\t\t\t<span class=\"elementor-button-text\">Discover our creations<\/span>\n\t\t\t\t\t<\/span>\n\t\t\t\t\t<\/a>\n\t\t\t\t<\/div>\n\t\t\t\t\t\t\t\t<\/div>\n\t\t\t\t<\/div>\n\t\t\t\t\t<\/div>\n\t\t<\/div>\n\t\t\t\t\t<\/div>\n\t\t<\/section>\n\t\t\t\t<div class=\"elementor-element elementor-element-3ca8b43 elementor-invisible elementor-widget elementor-widget-heading\" data-id=\"3ca8b43\" data-element_type=\"widget\" data-e-type=\"widget\" data-settings=\"{&quot;_animation&quot;:&quot;pulse&quot;,&quot;_animation_delay&quot;:500}\" data-widget_type=\"heading.default\">\n\t\t\t\t<div class=\"elementor-widget-container\">\n\t\t\t\t\t<h2 class=\"elementor-heading-title elementor-size-default\">BLACK<\/h2>\t\t\t\t<\/div>\n\t\t\t\t<\/div>\n\t\t\t\t\t<\/div>\n\t\t<\/div>\n\t\t\t\t\t<\/div>\n\t\t<\/section>\n\t\t\t\t<section class=\"elementor-section elementor-top-section elementor-element elementor-element-bc4fd79 elementor-section-boxed elementor-section-height-default elementor-section-height-default\" data-id=\"bc4fd79\" data-element_type=\"section\" data-e-type=\"section\" data-settings=\"{&quot;background_background&quot;:&quot;classic&quot;}\">\n\t\t\t\t\t\t<div class=\"elementor-container elementor-column-gap-default\">\n\t\t\t\t\t<div class=\"elementor-column elementor-col-100 elementor-top-column elementor-element elementor-element-44e9f52\" data-id=\"44e9f52\" data-element_type=\"column\" data-e-type=\"column\">\n\t\t\t<div class=\"elementor-widget-wrap elementor-element-populated\">\n\t\t\t\t\t\t<div class=\"elementor-element elementor-element-1ee8aab elementor-position-left animated-slow elementor-vertical-align-top elementor-invisible elementor-widget elementor-widget-image-box\" data-id=\"1ee8aab\" data-element_type=\"widget\" data-e-type=\"widget\" data-settings=\"{&quot;_animation&quot;:&quot;zoomIn&quot;}\" data-widget_type=\"image-box.default\">\n\t\t\t\t<div class=\"elementor-widget-container\">\n\t\t\t\t\t<div class=\"elementor-image-box-wrapper\"><figure class=\"elementor-image-box-img\"><img decoding=\"async\" width=\"40\" height=\"40\" src=\"https:\/\/enogne.com\/wp-content\/uploads\/2019\/12\/service-img-1.png\" class=\"attachment-full size-full wp-image-620\" alt=\"\" \/><\/figure><div class=\"elementor-image-box-content\"><h3 class=\"elementor-image-box-title\">Vision<\/h3><p class=\"elementor-image-box-description\">Nous concevons des sites web performants, modernes et responsives, adapt\u00e9s \u00e0 tous les \u00e9crans et optimis\u00e9s pour offrir une exp\u00e9rience utilisateur fluide. Que ce soit pour un site vitrine, e-commerce ou une plateforme sur mesure, nous vous accompagnons de la conception \u00e0 la mise en lignde.<\/p><\/div><\/div>\t\t\t\t<\/div>\n\t\t\t\t<\/div>\n\t\t\t\t\t<\/div>\n\t\t<\/div>\n\t\t\t\t\t<\/div>\n\t\t<\/section>\n\t\t\t\t<section class=\"elementor-section elementor-top-section elementor-element elementor-element-5985fc0 elementor-section-boxed elementor-section-height-default elementor-section-height-default\" data-id=\"5985fc0\" data-element_type=\"section\" data-e-type=\"section\" data-settings=\"{&quot;background_background&quot;:&quot;classic&quot;}\">\n\t\t\t\t\t\t<div class=\"elementor-container elementor-column-gap-default\">\n\t\t\t\t\t<div class=\"elementor-column elementor-col-100 elementor-top-column elementor-element elementor-element-a66db03\" data-id=\"a66db03\" data-element_type=\"column\" data-e-type=\"column\">\n\t\t\t<div class=\"elementor-widget-wrap elementor-element-populated\">\n\t\t\t\t\t\t<div class=\"elementor-element elementor-element-de6afc9 elementor-position-left animated-slow elementor-vertical-align-top elementor-invisible elementor-widget elementor-widget-image-box\" data-id=\"de6afc9\" data-element_type=\"widget\" data-e-type=\"widget\" data-settings=\"{&quot;_animation&quot;:&quot;zoomIn&quot;}\" data-widget_type=\"image-box.default\">\n\t\t\t\t<div class=\"elementor-widget-container\">\n\t\t\t\t\t<div class=\"elementor-image-box-wrapper\"><figure class=\"elementor-image-box-img\"><img decoding=\"async\" width=\"40\" height=\"40\" src=\"https:\/\/enogne.com\/wp-content\/uploads\/2019\/12\/service-img-1.png\" class=\"attachment-full size-full wp-image-620\" alt=\"\" \/><\/figure><div class=\"elementor-image-box-content\"><h3 class=\"elementor-image-box-title\">Mission<\/h3><p class=\"elementor-image-box-description\">We design high-performance, modern, and responsive websites that are adapted to all screens and optimized to offer a smooth user experience. Whether you need a showcase website, an e-commerce site, or a custom platform, we support you from design to launch.<\/p><\/div><\/div>\t\t\t\t<\/div>\n\t\t\t\t<\/div>\n\t\t\t\t<div class=\"elementor-element elementor-element-b1c81fe elementor-position-left animated-slow elementor-vertical-align-top elementor-invisible elementor-widget elementor-widget-image-box\" data-id=\"b1c81fe\" data-element_type=\"widget\" data-e-type=\"widget\" data-settings=\"{&quot;_animation&quot;:&quot;zoomIn&quot;}\" data-widget_type=\"image-box.default\">\n\t\t\t\t<div class=\"elementor-widget-container\">\n\t\t\t\t\t<div class=\"elementor-image-box-wrapper\"><figure class=\"elementor-image-box-img\"><img decoding=\"async\" width=\"40\" height=\"40\" src=\"https:\/\/enogne.com\/wp-content\/uploads\/2019\/12\/service-img-1.png\" class=\"attachment-full size-full wp-image-620\" alt=\"\" \/><\/figure><div class=\"elementor-image-box-content\"><h3 class=\"elementor-image-box-title\">Values<\/h3><p class=\"elementor-image-box-description\">We design high-performance, modern, and responsive websites that are adapted to all screens and optimized to offer a smooth user experience. Whether you need a showcase website, an e-commerce site, or a custom platform, we support you from design to launch.<\/p><\/div><\/div>\t\t\t\t<\/div>\n\t\t\t\t<\/div>\n\t\t\t\t\t<\/div>\n\t\t<\/div>\n\t\t\t\t\t<\/div>\n\t\t<\/section>\n\t\t\t\t<\/div>","protected":false},"excerpt":{"rendered":"<p>A propos Ta vision, notre mission Agence Chez Enogne, nous croyons que chaque projet m\u00e9rite une attention unique. Notre \u00e9quipe passionn\u00e9e allie cr\u00e9ativit\u00e9 et expertise pour donner vie \u00e0 vos ambitions digitales. Web Development Nous d\u00e9veloppons des sites performants, s\u00e9curis\u00e9s et \u00e9volutifs.Que tu aies besoin d\u2019un site vitrine, d\u2019une boutique en ligne ou d\u2019une plateforme<br \/><a class=\"moretag\" href=\"https:\/\/enogne.com\/en\/about-2\/\">+ Read More<\/a><\/p>","protected":false},"author":20,"featured_media":0,"parent":0,"menu_order":0,"comment_status":"closed","ping_status":"closed","template":"templates\/page-builder.php","meta":{"footnotes":""},"class_list":["post-4334","page","type-page","status-publish","hentry"],"yoast_head":"<!-- This site is optimized with the Yoast SEO plugin v26.9 - https:\/\/yoast.com\/product\/yoast-seo-wordpress\/ -->\n<title>About - Enogne<\/title>\n<meta name=\"robots\" content=\"index, follow, max-snippet:-1, max-image-preview:large, max-video-preview:-1\" \/>\n<link rel=\"canonical\" href=\"https:\/\/enogne.com\/en\/about-2\/\" \/>\n<meta property=\"og:locale\" content=\"en_US\" \/>\n<meta property=\"og:type\" content=\"article\" \/>\n<meta property=\"og:title\" content=\"About - Enogne\" \/>\n<meta property=\"og:description\" content=\"A propos Ta vision, notre mission Agence Chez Enogne, nous croyons que chaque projet m\u00e9rite une attention unique. Notre \u00e9quipe passionn\u00e9e allie cr\u00e9ativit\u00e9 et expertise pour donner vie \u00e0 vos ambitions digitales. Web Development Nous d\u00e9veloppons des sites performants, s\u00e9curis\u00e9s et \u00e9volutifs.Que tu aies besoin d\u2019un site vitrine, d\u2019une boutique en ligne ou d\u2019une plateforme+ Read More\" \/>\n<meta property=\"og:url\" content=\"https:\/\/enogne.com\/en\/about-2\/\" \/>\n<meta property=\"og:site_name\" content=\"Enogne\" \/>\n<meta property=\"article:modified_time\" content=\"2025-08-18T08:31:27+00:00\" \/>\n<meta property=\"og:image\" content=\"https:\/\/red-stingray-707383.hostingersite.com\/wp-content\/uploads\/2019\/12\/monitor-img.png\" \/>\n<meta name=\"twitter:card\" content=\"summary_large_image\" \/>\n<meta name=\"twitter:label1\" content=\"Est. reading time\" \/>\n\t<meta name=\"twitter:data1\" content=\"3 minutes\" \/>\n<script type=\"application\/ld+json\" class=\"yoast-schema-graph\">{\"@context\":\"https:\/\/schema.org\",\"@graph\":[{\"@type\":\"WebPage\",\"@id\":\"https:\/\/enogne.com\/en\/about-2\/\",\"url\":\"https:\/\/enogne.com\/en\/about-2\/\",\"name\":\"About - Enogne\",\"isPartOf\":{\"@id\":\"https:\/\/enogne.com\/en\/#website\"},\"primaryImageOfPage\":{\"@id\":\"https:\/\/enogne.com\/en\/about-2\/#primaryimage\"},\"image\":{\"@id\":\"https:\/\/enogne.com\/en\/about-2\/#primaryimage\"},\"thumbnailUrl\":\"https:\/\/red-stingray-707383.hostingersite.com\/wp-content\/uploads\/2019\/12\/monitor-img.png\",\"datePublished\":\"2025-07-25T11:34:41+00:00\",\"dateModified\":\"2025-08-18T08:31:27+00:00\",\"breadcrumb\":{\"@id\":\"https:\/\/enogne.com\/en\/about-2\/#breadcrumb\"},\"inLanguage\":\"en-US\",\"potentialAction\":[{\"@type\":\"ReadAction\",\"target\":[\"https:\/\/enogne.com\/en\/about-2\/\"]}]},{\"@type\":\"ImageObject\",\"inLanguage\":\"en-US\",\"@id\":\"https:\/\/enogne.com\/en\/about-2\/#primaryimage\",\"url\":\"https:\/\/red-stingray-707383.hostingersite.com\/wp-content\/uploads\/2019\/12\/monitor-img.png\",\"contentUrl\":\"https:\/\/red-stingray-707383.hostingersite.com\/wp-content\/uploads\/2019\/12\/monitor-img.png\"},{\"@type\":\"BreadcrumbList\",\"@id\":\"https:\/\/enogne.com\/en\/about-2\/#breadcrumb\",\"itemListElement\":[{\"@type\":\"ListItem\",\"position\":1,\"name\":\"Home\",\"item\":\"https:\/\/enogne.com\/en\/\"},{\"@type\":\"ListItem\",\"position\":2,\"name\":\"About\"}]},{\"@type\":\"WebSite\",\"@id\":\"https:\/\/enogne.com\/en\/#website\",\"url\":\"https:\/\/enogne.com\/en\/\",\"name\":\"Enogne\",\"description\":\"\",\"potentialAction\":[{\"@type\":\"SearchAction\",\"target\":{\"@type\":\"EntryPoint\",\"urlTemplate\":\"https:\/\/enogne.com\/en\/?s={search_term_string}\"},\"query-input\":{\"@type\":\"PropertyValueSpecification\",\"valueRequired\":true,\"valueName\":\"search_term_string\"}}],\"inLanguage\":\"en-US\"}]}<\/script>\n<!-- \/ Yoast SEO plugin. -->","yoast_head_json":{"title":"About - Enogne","robots":{"index":"index","follow":"follow","max-snippet":"max-snippet:-1","max-image-preview":"max-image-preview:large","max-video-preview":"max-video-preview:-1"},"canonical":"https:\/\/enogne.com\/en\/about-2\/","og_locale":"en_US","og_type":"article","og_title":"About - Enogne","og_description":"A propos Ta vision, notre mission Agence Chez Enogne, nous croyons que chaque projet m\u00e9rite une attention unique. Notre \u00e9quipe passionn\u00e9e allie cr\u00e9ativit\u00e9 et expertise pour donner vie \u00e0 vos ambitions digitales. Web Development Nous d\u00e9veloppons des sites performants, s\u00e9curis\u00e9s et \u00e9volutifs.Que tu aies besoin d\u2019un site vitrine, d\u2019une boutique en ligne ou d\u2019une plateforme+ Read More","og_url":"https:\/\/enogne.com\/en\/about-2\/","og_site_name":"Enogne","article_modified_time":"2025-08-18T08:31:27+00:00","og_image":[{"url":"https:\/\/red-stingray-707383.hostingersite.com\/wp-content\/uploads\/2019\/12\/monitor-img.png","type":"","width":"","height":""}],"twitter_card":"summary_large_image","twitter_misc":{"Est. reading time":"3 minutes"},"schema":{"@context":"https:\/\/schema.org","@graph":[{"@type":"WebPage","@id":"https:\/\/enogne.com\/en\/about-2\/","url":"https:\/\/enogne.com\/en\/about-2\/","name":"About - Enogne","isPartOf":{"@id":"https:\/\/enogne.com\/en\/#website"},"primaryImageOfPage":{"@id":"https:\/\/enogne.com\/en\/about-2\/#primaryimage"},"image":{"@id":"https:\/\/enogne.com\/en\/about-2\/#primaryimage"},"thumbnailUrl":"https:\/\/red-stingray-707383.hostingersite.com\/wp-content\/uploads\/2019\/12\/monitor-img.png","datePublished":"2025-07-25T11:34:41+00:00","dateModified":"2025-08-18T08:31:27+00:00","breadcrumb":{"@id":"https:\/\/enogne.com\/en\/about-2\/#breadcrumb"},"inLanguage":"en-US","potentialAction":[{"@type":"ReadAction","target":["https:\/\/enogne.com\/en\/about-2\/"]}]},{"@type":"ImageObject","inLanguage":"en-US","@id":"https:\/\/enogne.com\/en\/about-2\/#primaryimage","url":"https:\/\/red-stingray-707383.hostingersite.com\/wp-content\/uploads\/2019\/12\/monitor-img.png","contentUrl":"https:\/\/red-stingray-707383.hostingersite.com\/wp-content\/uploads\/2019\/12\/monitor-img.png"},{"@type":"BreadcrumbList","@id":"https:\/\/enogne.com\/en\/about-2\/#breadcrumb","itemListElement":[{"@type":"ListItem","position":1,"name":"Home","item":"https:\/\/enogne.com\/en\/"},{"@type":"ListItem","position":2,"name":"About"}]},{"@type":"WebSite","@id":"https:\/\/enogne.com\/en\/#website","url":"https:\/\/enogne.com\/en\/","name":"Enogne","description":"","potentialAction":[{"@type":"SearchAction","target":{"@type":"EntryPoint","urlTemplate":"https:\/\/enogne.com\/en\/?s={search_term_string}"},"query-input":{"@type":"PropertyValueSpecification","valueRequired":true,"valueName":"search_term_string"}}],"inLanguage":"en-US"}]}},"jetpack_sharing_enabled":true,"_links":{"self":[{"href":"https:\/\/enogne.com\/en\/wp-json\/wp\/v2\/pages\/4334","targetHints":{"allow":["GET"]}}],"collection":[{"href":"https:\/\/enogne.com\/en\/wp-json\/wp\/v2\/pages"}],"about":[{"href":"https:\/\/enogne.com\/en\/wp-json\/wp\/v2\/types\/page"}],"author":[{"embeddable":true,"href":"https:\/\/enogne.com\/en\/wp-json\/wp\/v2\/users\/20"}],"replies":[{"embeddable":true,"href":"https:\/\/enogne.com\/en\/wp-json\/wp\/v2\/comments?post=4334"}],"version-history":[{"count":10,"href":"https:\/\/enogne.com\/en\/wp-json\/wp\/v2\/pages\/4334\/revisions"}],"predecessor-version":[{"id":5056,"href":"https:\/\/enogne.com\/en\/wp-json\/wp\/v2\/pages\/4334\/revisions\/5056"}],"wp:attachment":[{"href":"https:\/\/enogne.com\/en\/wp-json\/wp\/v2\/media?parent=4334"}],"curies":[{"name":"wp","href":"https:\/\/api.w.org\/{rel}","templated":true}]}}